{"id":328,"date":"2022-06-24T14:25:17","date_gmt":"2022-06-24T14:25:17","guid":{"rendered":"https:\/\/evangelioyvida.claretiana.com.ar\/?page_id=328"},"modified":"2022-08-17T21:48:51","modified_gmt":"2022-08-17T21:48:51","slug":"nuestros-autores","status":"publish","type":"page","link":"https:\/\/evangelioyvida.claretiana.com.ar\/?page_id=328","title":{"rendered":"Nuestros Autores"},"content":{"rendered":"\n<p>El exito de <strong>Evangelio y Vida<\/strong> en toda Am\u00e9rica se basa, fundamentalmente, en el formato sencillo y la cuidadosa y distinguida selecci\u00f3n de autores que anualmente nos enriquecen con sus comentarios.<\/p>\n\n\n\n<div class=\"wp-block-media-text alignwide is-stacked-on-mobile is-vertically-aligned-top\" style=\"grid-template-columns:20% auto\"><figure class=\"wp-block-media-text__media\"><img loading=\"lazy\" decoding=\"async\" width=\"709\" height=\"1063\" src=\"https:\/\/evangelioyvida.claretiana.com.ar\/wp-content\/uploads\/2022\/06\/ladislao.jpg\" alt=\"\" class=\"wp-image-363 size-full\" srcset=\"https:\/\/evangelioyvida.claretiana.com.ar\/wp-content\/uploads\/2022\/06\/ladislao.jpg 709w, https:\/\/evangelioyvida.claretiana.com.ar\/wp-content\/uploads\/2022\/06\/ladislao-200x300.jpg 200w, https:\/\/evangelioyvida.claretiana.com.ar\/wp-content\/uploads\/2022\/06\/ladislao-683x1024.jpg 683w\" sizes=\"auto, (max-width: 709px) 100vw, 709px\" \/><\/figure><div class=\"wp-block-media-text__content\">\n<p style=\"font-size:30px\">Evangelio y Vida 2023<\/p>\n\n\n\n<p><strong>Lema: Unidos en la calma y en la tempestad<\/strong><\/p>\n\n\n\n<p><strong>Gloria Ladislao<\/strong> es laica y catequista.&nbsp;Estudi\u00f3 teolog\u00eda en la UCA, es profesora y se licenci\u00f3 especializ\u00e1ndose en Sagrada Escritura. Desde hace muchos a\u00f1os se desempe\u00f1a como profesora de Sagradas Escrituras y da clase en varios seminarios catequ\u00edsticos. Trabaja tambi\u00e9n en radio y es autora de los libros <em>Palabras y Pasos,<\/em> y <em>Jes\u00fas miraba mujeres y ellas profesaron su fe<\/em> publicado por nuestro sello editorial.<\/p>\n<\/div><\/div>\n\n\n\n<hr class=\"wp-block-separator has-alpha-channel-opacity\"\/>\n\n\n\n<div class=\"wp-block-media-text alignwide is-stacked-on-mobile is-vertically-aligned-top\" style=\"grid-template-columns:20% auto\"><figure class=\"wp-block-media-text__media\"><img loading=\"lazy\" decoding=\"async\" width=\"683\" height=\"1024\" src=\"https:\/\/evangelioyvida.claretiana.com.ar\/wp-content\/uploads\/2022\/06\/mestre-683x1024.jpg\" alt=\"Mons. Mestre\" class=\"wp-image-361 size-full\" srcset=\"https:\/\/evangelioyvida.claretiana.com.ar\/wp-content\/uploads\/2022\/06\/mestre-683x1024.jpg 683w, https:\/\/evangelioyvida.claretiana.com.ar\/wp-content\/uploads\/2022\/06\/mestre-200x300.jpg 200w, https:\/\/evangelioyvida.claretiana.com.ar\/wp-content\/uploads\/2022\/06\/mestre.jpg 709w\" sizes=\"auto, (max-width: 683px) 100vw, 683px\" \/><\/figure><div class=\"wp-block-media-text__content\">\n<p style=\"font-size:30px\">Evangelio y Vida 2022<\/p>\n\n\n\n<p><strong>Lema: La solidaridad no tiene distancia<\/strong><\/p>\n\n\n\n<p><strong>Mons. Gabriel Mestre<\/strong> ordenado sacerdote en la arquidi\u00f3cesis de Mar del Plata (Argentina) es profesor de Filosof\u00eda y Ciencias de la Educaci\u00f3n, y de Teolog\u00eda y Ciencias de la Religi\u00f3n adem\u00e1s de licenciado en Teolog\u00eda con especializaci\u00f3n en Sagrada Escritura. Fue elegido obispo Mar del Plata por el papa Francisco en el 2017 y actualmente es tambi\u00e9n miembro de la comisi\u00f3n de Catequesis, Animaci\u00f3n y Pastoral B\u00edblica en la Conferencia Episcopal Argentina. Tom\u00f3 como lema episcopal: \u201cJesucristo es nuestra paz\u201d. Es autor de numerosos libros sobre temas b\u00edblicos, especialmente sobre la lectura orante de la Palabra.<\/p>\n<\/div><\/div>\n\n\n\n<hr class=\"wp-block-separator has-alpha-channel-opacity\"\/>\n\n\n\n<div class=\"wp-block-media-text alignwide is-stacked-on-mobile is-vertically-aligned-top\" style=\"grid-template-columns:20% auto\"><figure class=\"wp-block-media-text__media\"><img loading=\"lazy\" decoding=\"async\" width=\"683\" height=\"1024\" src=\"https:\/\/evangelioyvida.claretiana.com.ar\/wp-content\/uploads\/2022\/06\/buenanueva-683x1024.jpg\" alt=\"Buenanueva\" class=\"wp-image-357 size-full\" srcset=\"https:\/\/evangelioyvida.claretiana.com.ar\/wp-content\/uploads\/2022\/06\/buenanueva-683x1024.jpg 683w, https:\/\/evangelioyvida.claretiana.com.ar\/wp-content\/uploads\/2022\/06\/buenanueva-200x300.jpg 200w, https:\/\/evangelioyvida.claretiana.com.ar\/wp-content\/uploads\/2022\/06\/buenanueva.jpg 709w\" sizes=\"auto, (max-width: 683px) 100vw, 683px\" \/><\/figure><div class=\"wp-block-media-text__content\">\n<p style=\"font-size:30px\">Evangelio y Vida 2021<\/p>\n\n\n\n<p><strong>Lema: Salimos al encuentro del cuidado de la vida<\/strong><\/p>\n\n\n\n<p><strong>Mons. Sergio Buenanueva<\/strong> ordenado sacerdote en la arquidi\u00f3cesis de Mendoza (Argentina) es licenciado en Teolog\u00eda Dogm\u00e1tica. En 2018, fue elegido por Benedicto XVI obispo titular de Rusubbicari y auxiliar de Mendoza y, en 2013, el papa Francisco lo nombr\u00f3 obispo de San Francisco (C\u00f3rdoba). Tom\u00f3 como lema episcopal: \u201cTestigo del Evangelio de la gracia de Dios\u201d. Desde hace algunos a\u00f1os tiene una fuerte presencia en las redes sociales brindando a miles de fieles una meditaci\u00f3n de la Palabra para hacer carne el Evangelio en la vida cotidiana.<\/p>\n<\/div><\/div>\n\n\n\n<hr class=\"wp-block-separator has-alpha-channel-opacity\"\/>\n\n\n\n<div class=\"wp-block-media-text alignwide is-stacked-on-mobile is-vertically-aligned-top\" style=\"grid-template-columns:20% auto\"><figure class=\"wp-block-media-text__media\"><img loading=\"lazy\" decoding=\"async\" width=\"683\" height=\"1024\" src=\"https:\/\/evangelioyvida.claretiana.com.ar\/wp-content\/uploads\/2022\/06\/mendonca-683x1024.jpg\" alt=\"\" class=\"wp-image-360 size-full\" srcset=\"https:\/\/evangelioyvida.claretiana.com.ar\/wp-content\/uploads\/2022\/06\/mendonca-683x1024.jpg 683w, https:\/\/evangelioyvida.claretiana.com.ar\/wp-content\/uploads\/2022\/06\/mendonca-200x300.jpg 200w, https:\/\/evangelioyvida.claretiana.com.ar\/wp-content\/uploads\/2022\/06\/mendonca.jpg 709w\" sizes=\"auto, (max-width: 683px) 100vw, 683px\" \/><\/figure><div class=\"wp-block-media-text__content\">\n<p style=\"font-size:30px\">Evangelio y Vida 2020<\/p>\n\n\n\n<p><strong>Lema: Mar\u00eda, Madre del pueblo que camina<\/strong><\/p>\n\n\n\n<p><strong>Mons. Jos\u00e9 Tolentino Cala\u00e7a de Mendon\u00e7a<\/strong> (Madeira, Portugal) es doctor en Teolog\u00eda B\u00edblica. Lleva publicados varios libros y art\u00edculos en \u00e1mbitos teol\u00f3gicos y exeg\u00e9ticos, como tambi\u00e9n obras po\u00e9ticas, y es considerado una de las voces m\u00e1s autorizadas de Europa. Actualmente es el Archivista y Bibliotecario de la Santa Iglesia Romana, cargo que asume como Arzobispo de Suava.<\/p>\n<\/div><\/div>\n\n\n\n<hr class=\"wp-block-separator has-alpha-channel-opacity\"\/>\n\n\n\n<div class=\"wp-block-media-text alignwide is-stacked-on-mobile is-vertically-aligned-top\" style=\"grid-template-columns:20% auto\"><figure class=\"wp-block-media-text__media\"><img loading=\"lazy\" decoding=\"async\" width=\"683\" height=\"1024\" src=\"https:\/\/evangelioyvida.claretiana.com.ar\/wp-content\/uploads\/2022\/06\/fernandez-683x1024.jpg\" alt=\"Fern\u00e1ndez\" class=\"wp-image-359 size-full\" srcset=\"https:\/\/evangelioyvida.claretiana.com.ar\/wp-content\/uploads\/2022\/06\/fernandez-683x1024.jpg 683w, https:\/\/evangelioyvida.claretiana.com.ar\/wp-content\/uploads\/2022\/06\/fernandez-200x300.jpg 200w, https:\/\/evangelioyvida.claretiana.com.ar\/wp-content\/uploads\/2022\/06\/fernandez.jpg 709w\" sizes=\"auto, (max-width: 683px) 100vw, 683px\" \/><\/figure><div class=\"wp-block-media-text__content\">\n<p style=\"font-size:30px\">Evangelio y Vida 2018<\/p>\n\n\n\n<p><strong>Lema: La fe nos pone en camino<\/strong><\/p>\n\n\n\n<p><strong>Mons. V\u00edctor Manuel Fern\u00e1ndez <\/strong>ordenado sacerdote de la di\u00f3cesis de R\u00edo Cuarto (C\u00f3rdoba, Argentina), es doctor en Teolog\u00eda por la Pontificia Universidad Cat\u00f3lica Argentina (UCA). Colabor\u00f3 como perito en la V Conferencia del Episcopado latinoamericano en Aparecida (2007) y particip\u00f3 en la redacci\u00f3n del Documento Conclusivo. Desde el a\u00f1o 2009 es rector de la UCA y, desde 2013, arzobispo titular de Tiburnia. Cuenta con m\u00e1s de 200 publicaciones en todo el mundo, entre la que se destaca<em> Los cinco minutos del Esp\u00edritu Santo<\/em> publicado por Editorial Claretiana.<\/p>\n<\/div><\/div>\n\n\n\n<hr class=\"wp-block-separator has-alpha-channel-opacity\"\/>\n\n\n\n<div class=\"wp-block-media-text alignwide is-stacked-on-mobile is-vertically-aligned-top\" style=\"grid-template-columns:20% auto\"><figure class=\"wp-block-media-text__media\"><img loading=\"lazy\" decoding=\"async\" width=\"683\" height=\"1024\" src=\"https:\/\/evangelioyvida.claretiana.com.ar\/wp-content\/uploads\/2022\/06\/dors-683x1024.jpg\" alt=\"D'Ors\" class=\"wp-image-358 size-full\" srcset=\"https:\/\/evangelioyvida.claretiana.com.ar\/wp-content\/uploads\/2022\/06\/dors-683x1024.jpg 683w, https:\/\/evangelioyvida.claretiana.com.ar\/wp-content\/uploads\/2022\/06\/dors-200x300.jpg 200w, https:\/\/evangelioyvida.claretiana.com.ar\/wp-content\/uploads\/2022\/06\/dors.jpg 709w\" sizes=\"auto, (max-width: 683px) 100vw, 683px\" \/><\/figure><div class=\"wp-block-media-text__content\">\n<p style=\"font-size:30px\">Evangelio y Vida 2017<\/p>\n\n\n\n<p id=\"autores\"><strong>Pablo d\u00b4Ors<\/strong> naci\u00f3 en Madrid (Espa\u00f1a) en el seno de una familia de artista. Sacerdote, te\u00f3logo y prestigioso escritor, fue nombrado, por el propio papa Francisco, como miembro consejero y asesor del Pontificio Consejo para la Cultura. En la actualidad, adem\u00e1s de su tarea literaria y pastoral, anima el grupo <em>Amigos del desierto<\/em>, fundado por \u00e9l. Se trata de una extensa red de meditadores, inspirados en Charles de Foucault, cuya finalidad es profundizar y difundir la dimensi\u00f3n contemplativa de la vida cristiana.<\/p>\n<\/div><\/div>\n\n\n\n<hr class=\"wp-block-separator has-alpha-channel-opacity\"\/>\n\n\n\n<div class=\"wp-block-media-text alignwide is-stacked-on-mobile is-vertically-aligned-top\" style=\"grid-template-columns:20% auto\"><figure class=\"wp-block-media-text__media\"><img loading=\"lazy\" decoding=\"async\" width=\"683\" height=\"1024\" src=\"https:\/\/evangelioyvida.claretiana.com.ar\/wp-content\/uploads\/2022\/06\/ravasi-683x1024.jpg\" alt=\"Mons. Gianfranco Ravasi\" class=\"wp-image-362 size-full\" srcset=\"https:\/\/evangelioyvida.claretiana.com.ar\/wp-content\/uploads\/2022\/06\/ravasi-683x1024.jpg 683w, https:\/\/evangelioyvida.claretiana.com.ar\/wp-content\/uploads\/2022\/06\/ravasi-200x300.jpg 200w, https:\/\/evangelioyvida.claretiana.com.ar\/wp-content\/uploads\/2022\/06\/ravasi.jpg 709w\" sizes=\"auto, (max-width: 683px) 100vw, 683px\" \/><\/figure><div class=\"wp-block-media-text__content\">\n<p style=\"font-size:30px\">Evangelio y Vida 2016<\/p>\n\n\n\n<p id=\"autores\"><strong>Gianfranco Ravasi <\/strong>naci\u00f3 en Merate (Italia) y es el presidente del Consejo Pontificio para la Cultura y de la Pontificia Comisi\u00f3n de Arqueolog\u00eda Sagrada. Fue ordenado sacerdote de la arquidi\u00f3cesis de Mil\u00e1n el 28 de junio de 1966 y consagrado obispo en 2007. En el a\u00f1o 2010 el papa Benedicto XVI lo proclam\u00f3 Cardenal. Actualmente es miembro de la Congregaci\u00f3n para la Educaci\u00f3n Cat\u00f3lica y los Consejos Pontificios para el Di\u00e1logo Interreligioso y para la Promoci\u00f3n de la Nueva Evangelizaci\u00f3n.<\/p>\n<\/div><\/div>\n","protected":false},"excerpt":{"rendered":"<p>El exito de Evangelio y Vida en toda Am\u00e9rica se basa, fundamentalmente, en el formato sencillo y la cuidadosa y [&hellip;]<\/p>\n","protected":false},"author":1,"featured_media":0,"parent":0,"menu_order":0,"comment_status":"closed","ping_status":"closed","template":"page-templates\/template_fullwidth.php","meta":{"footnotes":""},"class_list":["post-328","page","type-page","status-publish","hentry"],"_links":{"self":[{"href":"https:\/\/evangelioyvida.claretiana.com.ar\/index.php?rest_route=\/wp\/v2\/pages\/328","targetHints":{"allow":["GET"]}}],"collection":[{"href":"https:\/\/evangelioyvida.claretiana.com.ar\/index.php?rest_route=\/wp\/v2\/pages"}],"about":[{"href":"https:\/\/evangelioyvida.claretiana.com.ar\/index.php?rest_route=\/wp\/v2\/types\/page"}],"author":[{"embeddable":true,"href":"https:\/\/evangelioyvida.claretiana.com.ar\/index.php?rest_route=\/wp\/v2\/users\/1"}],"replies":[{"embeddable":true,"href":"https:\/\/evangelioyvida.claretiana.com.ar\/index.php?rest_route=%2Fwp%2Fv2%2Fcomments&post=328"}],"version-history":[{"count":6,"href":"https:\/\/evangelioyvida.claretiana.com.ar\/index.php?rest_route=\/wp\/v2\/pages\/328\/revisions"}],"predecessor-version":[{"id":518,"href":"https:\/\/evangelioyvida.claretiana.com.ar\/index.php?rest_route=\/wp\/v2\/pages\/328\/revisions\/518"}],"wp:attachment":[{"href":"https:\/\/evangelioyvida.claretiana.com.ar\/index.php?rest_route=%2Fwp%2Fv2%2Fmedia&parent=328"}],"curies":[{"name":"wp","href":"https:\/\/api.w.org\/{rel}","templated":true}]}}