{"id":335,"date":"2022-06-24T14:37:58","date_gmt":"2022-06-24T14:37:58","guid":{"rendered":"https:\/\/evangelioyvida.claretiana.com.ar\/?page_id=335"},"modified":"2022-07-14T18:11:14","modified_gmt":"2022-07-14T18:11:14","slug":"personalizacion","status":"publish","type":"page","link":"https:\/\/evangelioyvida.claretiana.com.ar\/?page_id=335","title":{"rendered":"Personalizaci\u00f3n"},"content":{"rendered":"\n<h2 class=\"wp-block-heading\">\u00bfSab\u00edas que&#8230;?<\/h2>\n\n\n\n<p>Claretiana te ofrece la posibilidad de personalizar tus ejemplares de Evangelio y Vida, de acuerdo al carisma e impronta de cada instituci\u00f3n.<\/p>\n\n\n\n<p>Pod\u00e9s incluir las mejores fotos, el logo y la informaci\u00f3n que quer\u00e9s compartir con quienes lo utilizan diariamente. La misma se imprime en tapa, contratapa y en las primeras ocho p\u00e1ginas.<\/p>\n\n\n\n<p>Para m\u00e1s informaci\u00f3n haz clic en el bot\u00f3n y escr\u00edbenos&#8230;<\/p>\n\n\n\n<div class=\"wp-block-buttons is-layout-flex wp-block-buttons-is-layout-flex\">\n<div class=\"wp-block-button\"><a class=\"wp-block-button__link has-white-color has-luminous-vivid-orange-background-color has-text-color has-background\" href=\"https:\/\/wa.me\/5491169344091\">Cont\u00e1ctanos<\/a><\/div>\n<\/div>\n\n\n\n<div style=\"height:24px\" aria-hidden=\"true\" class=\"wp-block-spacer\"><\/div>\n\n\n\n<iframe allowfullscreen=\"allowfullscreen\" scrolling=\"no\" class=\"fp-iframe\" src=\"https:\/\/heyzine.com\/flip-book\/338ee831e9.html\" style=\"border: 1px solid lightgray; width: 100%; height: 400px;\"><\/iframe>\n","protected":false},"excerpt":{"rendered":"<p>\u00bfSab\u00edas que&#8230;? Claretiana te ofrece la posibilidad de personalizar tus ejemplares de Evangelio y Vida, de acuerdo al carisma e [&hellip;]<\/p>\n","protected":false},"author":1,"featured_media":0,"parent":0,"menu_order":0,"comment_status":"closed","ping_status":"closed","template":"page-templates\/template_fullwidth.php","meta":{"footnotes":""},"class_list":["post-335","page","type-page","status-publish","hentry"],"_links":{"self":[{"href":"https:\/\/evangelioyvida.claretiana.com.ar\/index.php?rest_route=\/wp\/v2\/pages\/335","targetHints":{"allow":["GET"]}}],"collection":[{"href":"https:\/\/evangelioyvida.claretiana.com.ar\/index.php?rest_route=\/wp\/v2\/pages"}],"about":[{"href":"https:\/\/evangelioyvida.claretiana.com.ar\/index.php?rest_route=\/wp\/v2\/types\/page"}],"author":[{"embeddable":true,"href":"https:\/\/evangelioyvida.claretiana.com.ar\/index.php?rest_route=\/wp\/v2\/users\/1"}],"replies":[{"embeddable":true,"href":"https:\/\/evangelioyvida.claretiana.com.ar\/index.php?rest_route=%2Fwp%2Fv2%2Fcomments&post=335"}],"version-history":[{"count":6,"href":"https:\/\/evangelioyvida.claretiana.com.ar\/index.php?rest_route=\/wp\/v2\/pages\/335\/revisions"}],"predecessor-version":[{"id":497,"href":"https:\/\/evangelioyvida.claretiana.com.ar\/index.php?rest_route=\/wp\/v2\/pages\/335\/revisions\/497"}],"wp:attachment":[{"href":"https:\/\/evangelioyvida.claretiana.com.ar\/index.php?rest_route=%2Fwp%2Fv2%2Fmedia&parent=335"}],"curies":[{"name":"wp","href":"https:\/\/api.w.org\/{rel}","templated":true}]}}